{"id":8,"date":"2017-06-09T17:11:40","date_gmt":"2017-06-09T20:11:40","guid":{"rendered":"http:\/\/obssaberes.org\/store\/?post_type=product&#038;p=8"},"modified":"2026-05-11T08:50:08","modified_gmt":"2026-05-11T11:50:08","slug":"medalha-de-ouro","status":"publish","type":"product","link":"https:\/\/obssaberes.org\/store\/produto\/medalha-de-ouro\/","title":{"rendered":"Medalha de Ouro 2026"},"content":{"rendered":"<h5>ATEN\u00c7\u00c3O! INFORMA\u00c7\u00d5ES IMPORTANTES<\/h5>\n<p><small><b>&#8211; Custo e Pedidos<\/b><br \/>\nO custo das medalhas, ouro, prata e bronze \u00e9 R$ 26,99 cada. Sobre o valor das medalhas \u00e9 acrescido o frete (tabela correio).<br \/>\nConfira seu pedido antes de confirmar a compra.<\/small><\/p>\n<p><strong><small>Pagamento\u00a0<\/small><\/strong><\/p>\n<p>Pagamento via PIX<\/p>\n<p>Chave PIX: 44.658.801\/0001-14<br \/>\nNome do benefici\u00e1rio: LODIBECS EDUCACIONAL LTDA<br \/>\nValor: conforme pedido<\/p>\n<p>Ap\u00f3s o pagamento, envie o comprovante para:<br \/>\nfinanceiroobs.saber@gmail.com<br \/>\nou<br \/>\nWhatsApp (24) 9993.00211<\/p>\n<p>Informe o n\u00famero do pedido para agilizar a confirma\u00e7\u00e3o.<\/p>\n<p>Seu pedido ser\u00e1 liberado ap\u00f3s a valida\u00e7\u00e3o do pagamento.<\/p>\n<p><small><br \/>\nVerifique os dados de envio &#8220;endere\u00e7o&#8221;, pagamento e dados para emiss\u00e3o de nota fiscal.<br \/>\nS\u00f3 estar\u00e3o dispon\u00edveis os pedidos com a totalidade das medalhas concedidas \u00e0 escola (n\u00e3o ser\u00e3o aceitos pedidos parciais).<\/small><\/p>\n<p><b>&#8211; Informa\u00e7\u00f5es de Envio e Nota Fiscal<\/b><br \/>\nPor favor, aten\u00e7\u00e3o no preenchimento de todos os dados solicitados no formul\u00e1rio de pedido, eles s\u00e3o fundamentais para que suas medalhas cheguem sem atraso e que a nota fiscal eletr\u00f4nica seja emitida corretamente.<br \/>\nA NF ser\u00e1 emitida e encaminhada junto com as medalhas.<\/p>\n<p><b>&#8211; Previs\u00e3o de Entrega<\/b><br \/>\nA previs\u00e3o ser\u00e1 de acordo os correios assim que escolas que realizarem o pagamento.<\/p>\n<p>Qualquer d\u00favida estamos \u00e0 disposi\u00e7\u00e3o. Atenciosamente, Olimp\u00edada Brasileira do Saber<\/p>\n<p>Imagem Ilustrativa.<\/p>\n","protected":false},"excerpt":{"rendered":"<p><strong><span style=\"color: #ff0000;\">ATEN\u00c7\u00c3O:<\/span><\/strong> Solicite somente a quantidade de medalhas de ouro referente a quantidade de alunos medalhistas nessa qualifica\u00e7\u00e3o.<\/p>\n<p><strong>Material:<\/strong> Metal<\/p>\n","protected":false},"featured_media":6801,"comment_status":"closed","ping_status":"closed","template":"","meta":[],"product_cat":[15],"product_tag":[16],"_links":{"self":[{"href":"https:\/\/obssaberes.org\/store\/wp-json\/wp\/v2\/product\/8"}],"collection":[{"href":"https:\/\/obssaberes.org\/store\/wp-json\/wp\/v2\/product"}],"about":[{"href":"https:\/\/obssaberes.org\/store\/wp-json\/wp\/v2\/types\/product"}],"replies":[{"embeddable":true,"href":"https:\/\/obssaberes.org\/store\/wp-json\/wp\/v2\/comments?post=8"}],"wp:featuredmedia":[{"embeddable":true,"href":"https:\/\/obssaberes.org\/store\/wp-json\/wp\/v2\/media\/6801"}],"wp:attachment":[{"href":"https:\/\/obssaberes.org\/store\/wp-json\/wp\/v2\/media?parent=8"}],"wp:term":[{"taxonomy":"product_cat","embeddable":true,"href":"https:\/\/obssaberes.org\/store\/wp-json\/wp\/v2\/product_cat?post=8"},{"taxonomy":"product_tag","embeddable":true,"href":"https:\/\/obssaberes.org\/store\/wp-json\/wp\/v2\/product_tag?post=8"}],"curies":[{"name":"wp","href":"https:\/\/api.w.org\/{rel}","templated":true}]}}