{"id":7560,"date":"2024-05-28T10:13:34","date_gmt":"2024-05-28T13:13:34","guid":{"rendered":"https:\/\/obssaberes.org\/store\/?post_type=product&#038;p=7560"},"modified":"2024-05-28T10:14:43","modified_gmt":"2024-05-28T13:14:43","slug":"bottom-raposa-obs","status":"publish","type":"product","link":"https:\/\/obssaberes.org\/store\/produto\/bottom-raposa-obs\/","title":{"rendered":"Bottom Raposa OBS"},"content":{"rendered":"<h5>ATEN\u00c7\u00c3O! INFORMA\u00c7\u00d5ES IMPORTANTES<\/h5>\n<p><small><b>&#8211; Custo e Pedidos<\/b><br \/>\nO custo d0 bottom \u00e9 R$ 14,99 cada. Sobre o valor das medalhas \u00e9 acrescido o frete (tabela correio).<br \/>\nConfira seu pedido antes de confirmar a compra.<br \/>\nVoc\u00ea ser\u00e1 redirecionado para a plataforma de pagamento &#8220;<b>Gerencianet<\/b>&#8221; onde realizara o pagamento via boleto banc\u00e1rio.<br \/>\nVerifique os dados de envio &#8220;endere\u00e7o&#8221;, pagamento e dados para emiss\u00e3o de nota fiscal.<br \/>\nS\u00f3 estar\u00e3o dispon\u00edveis os pedidos com a totalidade das medalhas concedidas \u00e0 escola (n\u00e3o ser\u00e3o aceitos pedidos parciais).<\/small><\/p>\n<p><b>&#8211; Informa\u00e7\u00f5es de Envio e Nota Fiscal<\/b><br \/>\nPor favor, aten\u00e7\u00e3o no preenchimento de todos os dados solicitados no formul\u00e1rio de pedido, eles s\u00e3o fundamentais para que suas medalhas cheguem sem atraso e que a nota fiscal eletr\u00f4nica seja emitida corretamente.<br \/>\nA NF ser\u00e1 emitida e encaminhada junto com as medalhas.<\/p>\n<p><b>&#8211; Previs\u00e3o de Entrega<\/b><br \/>\nA previs\u00e3o ser\u00e1 de acordo os correios assim que escolas que realizarem o pagamento.<\/p>\n<p>Qualquer d\u00favida estamos \u00e0 disposi\u00e7\u00e3o. Atenciosamente, Olimp\u00edada Brasileira do Saber<\/p>\n","protected":false},"excerpt":{"rendered":"<p>ATEN\u00c7\u00c3O! INFORMA\u00c7\u00d5ES IMPORTANTES &#8211; Custo e Pedidos O custo d0 bottom \u00e9 R$ 14,99 cada. Sobre o valor das medalhas \u00e9 acrescido o frete (tabela correio). Confira seu pedido antes<\/p>\n","protected":false},"featured_media":7561,"comment_status":"open","ping_status":"closed","template":"","meta":[],"product_cat":[18],"product_tag":[],"_links":{"self":[{"href":"https:\/\/obssaberes.org\/store\/wp-json\/wp\/v2\/product\/7560"}],"collection":[{"href":"https:\/\/obssaberes.org\/store\/wp-json\/wp\/v2\/product"}],"about":[{"href":"https:\/\/obssaberes.org\/store\/wp-json\/wp\/v2\/types\/product"}],"replies":[{"embeddable":true,"href":"https:\/\/obssaberes.org\/store\/wp-json\/wp\/v2\/comments?post=7560"}],"wp:featuredmedia":[{"embeddable":true,"href":"https:\/\/obssaberes.org\/store\/wp-json\/wp\/v2\/media\/7561"}],"wp:attachment":[{"href":"https:\/\/obssaberes.org\/store\/wp-json\/wp\/v2\/media?parent=7560"}],"wp:term":[{"taxonomy":"product_cat","embeddable":true,"href":"https:\/\/obssaberes.org\/store\/wp-json\/wp\/v2\/product_cat?post=7560"},{"taxonomy":"product_tag","embeddable":true,"href":"https:\/\/obssaberes.org\/store\/wp-json\/wp\/v2\/product_tag?post=7560"}],"curies":[{"name":"wp","href":"https:\/\/api.w.org\/{rel}","templated":true}]}}