{"id":7700,"date":"2024-07-16T14:57:59","date_gmt":"2024-07-16T17:57:59","guid":{"rendered":"https:\/\/obssaberes.org\/store\/?page_id=7700"},"modified":"2025-09-23T08:02:55","modified_gmt":"2025-09-23T11:02:55","slug":"roboventure","status":"publish","type":"page","link":"https:\/\/obssaberes.org\/store\/roboventure\/","title":{"rendered":"ROBOVENTURE I &#8211; JORNADA DE ROB\u00d3TICA"},"content":{"rendered":"\t\t<div data-elementor-type=\"wp-page\" data-elementor-id=\"7700\" class=\"elementor elementor-7700\" data-elementor-post-type=\"page\">\n\t\t\t\t<div class=\"elementor-element elementor-element-c1ff408 e-flex e-con-boxed e-con e-parent\" data-id=\"c1ff408\" data-element_type=\"container\" data-core-v316-plus=\"true\">\n\t\t\t\t\t<div class=\"e-con-inner\">\n\t\t\t\t<div class=\"elementor-element elementor-element-09126aa elementor-widget elementor-widget-image\" data-id=\"09126aa\" data-element_type=\"widget\" data-widget_type=\"image.default\">\n\t\t\t\t<div class=\"elementor-widget-container\">\n\t\t\t<style>\/*! elementor - v3.20.0 - 26-03-2024 *\/\n.elementor-widget-image{text-align:center}.elementor-widget-image a{display:inline-block}.elementor-widget-image a img[src$=\".svg\"]{width:48px}.elementor-widget-image img{vertical-align:middle;display:inline-block}<\/style>\t\t\t\t\t\t\t\t\t\t<img fetchpriority=\"high\" decoding=\"async\" width=\"1280\" height=\"268\" src=\"https:\/\/obssaberes.org\/store\/wp-content\/uploads\/2024\/07\/WhatsApp-Image-2024-07-29-at-17.00.45.jpeg\" class=\"attachment-full size-full wp-image-7760\" alt=\"\" srcset=\"https:\/\/obssaberes.org\/store\/wp-content\/uploads\/2024\/07\/WhatsApp-Image-2024-07-29-at-17.00.45.jpeg 1280w, https:\/\/obssaberes.org\/store\/wp-content\/uploads\/2024\/07\/WhatsApp-Image-2024-07-29-at-17.00.45-300x63.jpeg 300w, https:\/\/obssaberes.org\/store\/wp-content\/uploads\/2024\/07\/WhatsApp-Image-2024-07-29-at-17.00.45-1024x214.jpeg 1024w, https:\/\/obssaberes.org\/store\/wp-content\/uploads\/2024\/07\/WhatsApp-Image-2024-07-29-at-17.00.45-768x161.jpeg 768w, https:\/\/obssaberes.org\/store\/wp-content\/uploads\/2024\/07\/WhatsApp-Image-2024-07-29-at-17.00.45-600x126.jpeg 600w\" sizes=\"(max-width: 1280px) 100vw, 1280px\" \/>\t\t\t\t\t\t\t\t\t\t\t\t\t<\/div>\n\t\t\t\t<\/div>\n\t\t\t\t\t<\/div>\n\t\t\t\t<\/div>\n\t\t<div class=\"elementor-element elementor-element-eb4063d e-flex e-con-boxed e-con e-parent\" data-id=\"eb4063d\" data-element_type=\"container\" data-core-v316-plus=\"true\">\n\t\t\t\t\t<div class=\"e-con-inner\">\n\t\t<div class=\"elementor-element elementor-element-066a369 e-con-full e-flex e-con e-child\" data-id=\"066a369\" data-element_type=\"container\">\n\t\t\t\t<div class=\"elementor-element elementor-element-68c0e33 elementor-widget elementor-widget-image\" data-id=\"68c0e33\" data-element_type=\"widget\" data-widget_type=\"image.default\">\n\t\t\t\t<div class=\"elementor-widget-container\">\n\t\t\t\t\t\t\t\t\t\t\t\t\t<img decoding=\"async\" width=\"640\" height=\"905\" src=\"https:\/\/obssaberes.org\/store\/wp-content\/uploads\/2025\/09\/WhatsApp-Image-2025-09-22-at-22.13.05-724x1024.jpeg\" class=\"attachment-large size-large wp-image-8419\" alt=\"\" srcset=\"https:\/\/obssaberes.org\/store\/wp-content\/uploads\/2025\/09\/WhatsApp-Image-2025-09-22-at-22.13.05-724x1024.jpeg 724w, https:\/\/obssaberes.org\/store\/wp-content\/uploads\/2025\/09\/WhatsApp-Image-2025-09-22-at-22.13.05-212x300.jpeg 212w, https:\/\/obssaberes.org\/store\/wp-content\/uploads\/2025\/09\/WhatsApp-Image-2025-09-22-at-22.13.05-768x1086.jpeg 768w, https:\/\/obssaberes.org\/store\/wp-content\/uploads\/2025\/09\/WhatsApp-Image-2025-09-22-at-22.13.05-1086x1536.jpeg 1086w, https:\/\/obssaberes.org\/store\/wp-content\/uploads\/2025\/09\/WhatsApp-Image-2025-09-22-at-22.13.05-300x424.jpeg 300w, https:\/\/obssaberes.org\/store\/wp-content\/uploads\/2025\/09\/WhatsApp-Image-2025-09-22-at-22.13.05-600x849.jpeg 600w, https:\/\/obssaberes.org\/store\/wp-content\/uploads\/2025\/09\/WhatsApp-Image-2025-09-22-at-22.13.05.jpeg 1131w\" sizes=\"(max-width: 640px) 100vw, 640px\" \/>\t\t\t\t\t\t\t\t\t\t\t\t\t<\/div>\n\t\t\t\t<\/div>\n\t\t\t\t<\/div>\n\t\t<div class=\"elementor-element elementor-element-6af3a70 e-con-full e-flex e-con e-child\" data-id=\"6af3a70\" data-element_type=\"container\">\n\t\t<div class=\"elementor-element elementor-element-80ae01d e-flex e-con-boxed e-con e-child\" data-id=\"80ae01d\" data-element_type=\"container\">\n\t\t\t\t\t<div class=\"e-con-inner\">\n\t\t\t\t<div class=\"elementor-element elementor-element-b9a955b elementor-widget elementor-widget-heading\" data-id=\"b9a955b\" data-element_type=\"widget\" data-widget_type=\"heading.default\">\n\t\t\t\t<div class=\"elementor-widget-container\">\n\t\t\t<style>\/*! elementor - v3.20.0 - 26-03-2024 *\/\n.elementor-heading-title{padding:0;margin:0;line-height:1}.elementor-widget-heading .elementor-heading-title[class*=elementor-size-]>a{color:inherit;font-size:inherit;line-height:inherit}.elementor-widget-heading .elementor-heading-title.elementor-size-small{font-size:15px}.elementor-widget-heading .elementor-heading-title.elementor-size-medium{font-size:19px}.elementor-widget-heading .elementor-heading-title.elementor-size-large{font-size:29px}.elementor-widget-heading .elementor-heading-title.elementor-size-xl{font-size:39px}.elementor-widget-heading .elementor-heading-title.elementor-size-xxl{font-size:59px}<\/style><h4 class=\"elementor-heading-title elementor-size-default\">Etapa S\u00e3o Luiz- MA - 20 de Outubro 2025<\/h4>\t\t<\/div>\n\t\t\t\t<\/div>\n\t\t\t\t<div class=\"elementor-element elementor-element-b0bafa3 elementor-widget elementor-widget-text-editor\" data-id=\"b0bafa3\" data-element_type=\"widget\" data-widget_type=\"text-editor.default\">\n\t\t\t\t<div class=\"elementor-widget-container\">\n\t\t\t<style>\/*! elementor - v3.20.0 - 26-03-2024 *\/\n.elementor-widget-text-editor.elementor-drop-cap-view-stacked .elementor-drop-cap{background-color:#69727d;color:#fff}.elementor-widget-text-editor.elementor-drop-cap-view-framed .elementor-drop-cap{color:#69727d;border:3px solid;background-color:transparent}.elementor-widget-text-editor:not(.elementor-drop-cap-view-default) .elementor-drop-cap{margin-top:8px}.elementor-widget-text-editor:not(.elementor-drop-cap-view-default) .elementor-drop-cap-letter{width:1em;height:1em}.elementor-widget-text-editor .elementor-drop-cap{float:left;text-align:center;line-height:1;font-size:50px}.elementor-widget-text-editor .elementor-drop-cap-letter{display:inline-block}<\/style>\t\t\t\t<p>Clique no bot\u00e3o abaixo e preencha o <strong>Formul\u00e1rio<\/strong> para realizar a sua inscri\u00e7\u00e3o na Roboventure:<\/p>\t\t\t\t\t\t<\/div>\n\t\t\t\t<\/div>\n\t\t\t\t\t<\/div>\n\t\t\t\t<\/div>\n\t\t<div class=\"elementor-element elementor-element-5e02476 e-flex e-con-boxed e-con e-child\" data-id=\"5e02476\" data-element_type=\"container\">\n\t\t\t\t\t<div class=\"e-con-inner\">\n\t\t\t\t<div class=\"elementor-element elementor-element-1ab85e7 elementor-align-center elementor-widget elementor-widget-button\" data-id=\"1ab85e7\" data-element_type=\"widget\" data-widget_type=\"button.default\">\n\t\t\t\t<div class=\"elementor-widget-container\">\n\t\t\t\t\t<div class=\"elementor-button-wrapper\">\n\t\t\t<a class=\"elementor-button elementor-button-link elementor-size-sm\" href=\"https:\/\/docs.google.com\/forms\/d\/e\/1FAIpQLSePYdKrvAgvSyR2cYfwJ3FIT_AaKcXG810MyqZBcmuL9Q8qWQ\/viewform?usp=sharing&#038;ouid=115491310321017420673\" target=\"_blank\">\n\t\t\t\t\t\t<span class=\"elementor-button-content-wrapper\">\n\t\t\t\t\t\t<span class=\"elementor-button-text\">INSCRI\u00c7\u00c3O<\/span>\n\t\t<\/span>\n\t\t\t\t\t<\/a>\n\t\t<\/div>\n\t\t\t\t<\/div>\n\t\t\t\t<\/div>\n\t\t\t\t<div class=\"elementor-element elementor-element-681b46f elementor-align-center elementor-widget elementor-widget-button\" data-id=\"681b46f\" data-element_type=\"widget\" data-widget_type=\"button.default\">\n\t\t\t\t<div class=\"elementor-widget-container\">\n\t\t\t\t\t<div class=\"elementor-button-wrapper\">\n\t\t\t<a class=\"elementor-button elementor-button-link elementor-size-sm\" href=\"https:\/\/drive.google.com\/file\/d\/1n4OsX1QtHKxg7UDyauYnMERk1NETjvZl\/view?usp=sharing\" target=\"_blank\">\n\t\t\t\t\t\t<span class=\"elementor-button-content-wrapper\">\n\t\t\t\t\t\t<span class=\"elementor-button-text\">CARTAZ<\/span>\n\t\t<\/span>\n\t\t\t\t\t<\/a>\n\t\t<\/div>\n\t\t\t\t<\/div>\n\t\t\t\t<\/div>\n\t\t\t\t\t<\/div>\n\t\t\t\t<\/div>\n\t\t\t\t<\/div>\n\t\t\t\t\t<\/div>\n\t\t\t\t<\/div>\n\t\t<div class=\"elementor-element elementor-element-2da889d e-flex e-con-boxed e-con e-parent\" data-id=\"2da889d\" data-element_type=\"container\" data-core-v316-plus=\"true\">\n\t\t\t\t\t<div class=\"e-con-inner\">\n\t\t<div class=\"elementor-element elementor-element-d239eac e-con-full e-flex e-con e-child\" data-id=\"d239eac\" data-element_type=\"container\">\n\t\t\t\t<div class=\"elementor-element elementor-element-d5fd8a9 elementor-widget elementor-widget-image\" data-id=\"d5fd8a9\" data-element_type=\"widget\" data-widget_type=\"image.default\">\n\t\t\t\t<div class=\"elementor-widget-container\">\n\t\t\t\t\t\t\t\t\t\t\t\t\t<img decoding=\"async\" width=\"640\" height=\"905\" src=\"https:\/\/obssaberes.org\/store\/wp-content\/uploads\/2025\/09\/WhatsApp-Image-2025-09-22-at-22.14.04-724x1024.jpeg\" class=\"attachment-large size-large wp-image-8423\" alt=\"\" srcset=\"https:\/\/obssaberes.org\/store\/wp-content\/uploads\/2025\/09\/WhatsApp-Image-2025-09-22-at-22.14.04-724x1024.jpeg 724w, https:\/\/obssaberes.org\/store\/wp-content\/uploads\/2025\/09\/WhatsApp-Image-2025-09-22-at-22.14.04-212x300.jpeg 212w, https:\/\/obssaberes.org\/store\/wp-content\/uploads\/2025\/09\/WhatsApp-Image-2025-09-22-at-22.14.04-768x1086.jpeg 768w, https:\/\/obssaberes.org\/store\/wp-content\/uploads\/2025\/09\/WhatsApp-Image-2025-09-22-at-22.14.04-1086x1536.jpeg 1086w, https:\/\/obssaberes.org\/store\/wp-content\/uploads\/2025\/09\/WhatsApp-Image-2025-09-22-at-22.14.04-300x424.jpeg 300w, https:\/\/obssaberes.org\/store\/wp-content\/uploads\/2025\/09\/WhatsApp-Image-2025-09-22-at-22.14.04-600x849.jpeg 600w, https:\/\/obssaberes.org\/store\/wp-content\/uploads\/2025\/09\/WhatsApp-Image-2025-09-22-at-22.14.04.jpeg 1131w\" sizes=\"(max-width: 640px) 100vw, 640px\" \/>\t\t\t\t\t\t\t\t\t\t\t\t\t<\/div>\n\t\t\t\t<\/div>\n\t\t\t\t<\/div>\n\t\t<div class=\"elementor-element elementor-element-a549014 e-con-full e-flex e-con e-child\" data-id=\"a549014\" data-element_type=\"container\">\n\t\t<div class=\"elementor-element elementor-element-94c0bfc e-flex e-con-boxed e-con e-child\" data-id=\"94c0bfc\" data-element_type=\"container\">\n\t\t\t\t\t<div class=\"e-con-inner\">\n\t\t\t\t<div class=\"elementor-element elementor-element-281a843 elementor-widget elementor-widget-heading\" data-id=\"281a843\" data-element_type=\"widget\" data-widget_type=\"heading.default\">\n\t\t\t\t<div class=\"elementor-widget-container\">\n\t\t\t<h4 class=\"elementor-heading-title elementor-size-default\">Etapa Goi\u00e2nia-GO - 11 de outubro 2025<\/h4>\t\t<\/div>\n\t\t\t\t<\/div>\n\t\t\t\t<div class=\"elementor-element elementor-element-b765bc1 elementor-widget elementor-widget-text-editor\" data-id=\"b765bc1\" data-element_type=\"widget\" data-widget_type=\"text-editor.default\">\n\t\t\t\t<div class=\"elementor-widget-container\">\n\t\t\t\t\t\t\t<p>Clique no bot\u00e3o abaixo e preencha o <strong>Formul\u00e1rio<\/strong> para realizar a sua inscri\u00e7\u00e3o na Roboventure:<\/p>\t\t\t\t\t\t<\/div>\n\t\t\t\t<\/div>\n\t\t\t\t\t<\/div>\n\t\t\t\t<\/div>\n\t\t<div class=\"elementor-element elementor-element-a824566 e-flex e-con-boxed e-con e-child\" data-id=\"a824566\" data-element_type=\"container\">\n\t\t\t\t\t<div class=\"e-con-inner\">\n\t\t\t\t<div class=\"elementor-element elementor-element-cff46ba elementor-align-center elementor-widget elementor-widget-button\" data-id=\"cff46ba\" data-element_type=\"widget\" data-widget_type=\"button.default\">\n\t\t\t\t<div class=\"elementor-widget-container\">\n\t\t\t\t\t<div class=\"elementor-button-wrapper\">\n\t\t\t<a class=\"elementor-button elementor-button-link elementor-size-sm\" href=\"https:\/\/docs.google.com\/forms\/d\/e\/1FAIpQLScetW3CJecU1kXvms7vThhfHkBZb7mpBr-ZiiCnzb6F1xIslA\/viewform\" target=\"_blank\">\n\t\t\t\t\t\t<span class=\"elementor-button-content-wrapper\">\n\t\t\t\t\t\t<span class=\"elementor-button-text\">INSCRI\u00c7\u00c3O<\/span>\n\t\t<\/span>\n\t\t\t\t\t<\/a>\n\t\t<\/div>\n\t\t\t\t<\/div>\n\t\t\t\t<\/div>\n\t\t\t\t<div class=\"elementor-element elementor-element-9656e9e elementor-align-center elementor-widget elementor-widget-button\" data-id=\"9656e9e\" data-element_type=\"widget\" data-widget_type=\"button.default\">\n\t\t\t\t<div class=\"elementor-widget-container\">\n\t\t\t\t\t<div class=\"elementor-button-wrapper\">\n\t\t\t<a class=\"elementor-button elementor-button-link elementor-size-sm\" href=\"https:\/\/drive.google.com\/file\/d\/1wP2x7rCc5M2lDVONNmH0t16MI8r3EgxS\/view?usp=sharing\" target=\"_blank\">\n\t\t\t\t\t\t<span class=\"elementor-button-content-wrapper\">\n\t\t\t\t\t\t<span class=\"elementor-button-text\">CARTAZ<\/span>\n\t\t<\/span>\n\t\t\t\t\t<\/a>\n\t\t<\/div>\n\t\t\t\t<\/div>\n\t\t\t\t<\/div>\n\t\t\t\t\t<\/div>\n\t\t\t\t<\/div>\n\t\t\t\t<\/div>\n\t\t\t\t\t<\/div>\n\t\t\t\t<\/div>\n\t\t<div class=\"elementor-element elementor-element-6cd278a e-flex e-con-boxed e-con e-parent\" data-id=\"6cd278a\" data-element_type=\"container\" data-core-v316-plus=\"true\">\n\t\t\t\t\t<div class=\"e-con-inner\">\n\t\t<div class=\"elementor-element elementor-element-d8ade5f e-con-full e-flex e-con e-child\" data-id=\"d8ade5f\" data-element_type=\"container\">\n\t\t\t\t<div class=\"elementor-element elementor-element-9316504 elementor-widget elementor-widget-image\" data-id=\"9316504\" data-element_type=\"widget\" data-widget_type=\"image.default\">\n\t\t\t\t<div class=\"elementor-widget-container\">\n\t\t\t\t\t\t\t\t\t\t\t\t\t<img loading=\"lazy\" decoding=\"async\" width=\"640\" height=\"905\" src=\"https:\/\/obssaberes.org\/store\/wp-content\/uploads\/2025\/09\/WhatsApp-Image-2025-09-22-at-22.18.02-724x1024.jpeg\" class=\"attachment-large size-large wp-image-8427\" alt=\"\" srcset=\"https:\/\/obssaberes.org\/store\/wp-content\/uploads\/2025\/09\/WhatsApp-Image-2025-09-22-at-22.18.02-724x1024.jpeg 724w, https:\/\/obssaberes.org\/store\/wp-content\/uploads\/2025\/09\/WhatsApp-Image-2025-09-22-at-22.18.02-212x300.jpeg 212w, https:\/\/obssaberes.org\/store\/wp-content\/uploads\/2025\/09\/WhatsApp-Image-2025-09-22-at-22.18.02-768x1086.jpeg 768w, https:\/\/obssaberes.org\/store\/wp-content\/uploads\/2025\/09\/WhatsApp-Image-2025-09-22-at-22.18.02-1086x1536.jpeg 1086w, https:\/\/obssaberes.org\/store\/wp-content\/uploads\/2025\/09\/WhatsApp-Image-2025-09-22-at-22.18.02-300x424.jpeg 300w, https:\/\/obssaberes.org\/store\/wp-content\/uploads\/2025\/09\/WhatsApp-Image-2025-09-22-at-22.18.02-600x849.jpeg 600w, https:\/\/obssaberes.org\/store\/wp-content\/uploads\/2025\/09\/WhatsApp-Image-2025-09-22-at-22.18.02.jpeg 1131w\" sizes=\"(max-width: 640px) 100vw, 640px\" \/>\t\t\t\t\t\t\t\t\t\t\t\t\t<\/div>\n\t\t\t\t<\/div>\n\t\t\t\t<\/div>\n\t\t<div class=\"elementor-element elementor-element-2b629cc e-con-full e-flex e-con e-child\" data-id=\"2b629cc\" data-element_type=\"container\">\n\t\t<div class=\"elementor-element elementor-element-1f9bb74 e-flex e-con-boxed e-con e-child\" data-id=\"1f9bb74\" data-element_type=\"container\">\n\t\t\t\t\t<div class=\"e-con-inner\">\n\t\t\t\t<div class=\"elementor-element elementor-element-a469912 elementor-widget elementor-widget-heading\" data-id=\"a469912\" data-element_type=\"widget\" data-widget_type=\"heading.default\">\n\t\t\t\t<div class=\"elementor-widget-container\">\n\t\t\t<h4 class=\"elementor-heading-title elementor-size-default\">Etapa Cear\u00e1 -CE - 04 de Outubro 2025<\/h4>\t\t<\/div>\n\t\t\t\t<\/div>\n\t\t\t\t<div class=\"elementor-element elementor-element-3f94e10 elementor-widget elementor-widget-text-editor\" data-id=\"3f94e10\" data-element_type=\"widget\" data-widget_type=\"text-editor.default\">\n\t\t\t\t<div class=\"elementor-widget-container\">\n\t\t\t\t\t\t\t<p>Clique no bot\u00e3o abaixo e preencha o <strong>Formul\u00e1rio<\/strong> para realizar a sua inscri\u00e7\u00e3o na Roboventure:<\/p>\t\t\t\t\t\t<\/div>\n\t\t\t\t<\/div>\n\t\t\t\t\t<\/div>\n\t\t\t\t<\/div>\n\t\t<div class=\"elementor-element elementor-element-44dd6db e-flex e-con-boxed e-con e-child\" data-id=\"44dd6db\" data-element_type=\"container\">\n\t\t\t\t\t<div class=\"e-con-inner\">\n\t\t\t\t<div class=\"elementor-element elementor-element-253416b elementor-align-center elementor-widget elementor-widget-button\" data-id=\"253416b\" data-element_type=\"widget\" data-widget_type=\"button.default\">\n\t\t\t\t<div class=\"elementor-widget-container\">\n\t\t\t\t\t<div class=\"elementor-button-wrapper\">\n\t\t\t<a class=\"elementor-button elementor-button-link elementor-size-sm\" href=\"https:\/\/docs.google.com\/forms\/d\/e\/1FAIpQLSfo5eR3FGx8C59zQsVxpwsTqjMSJrwotnB3FP9fmB31BJqy9Q\/viewform\" target=\"_blank\">\n\t\t\t\t\t\t<span class=\"elementor-button-content-wrapper\">\n\t\t\t\t\t\t<span class=\"elementor-button-text\">INSCRI\u00c7\u00c3O<\/span>\n\t\t<\/span>\n\t\t\t\t\t<\/a>\n\t\t<\/div>\n\t\t\t\t<\/div>\n\t\t\t\t<\/div>\n\t\t\t\t<div class=\"elementor-element elementor-element-f34ac12 elementor-align-center elementor-widget elementor-widget-button\" data-id=\"f34ac12\" data-element_type=\"widget\" data-widget_type=\"button.default\">\n\t\t\t\t<div class=\"elementor-widget-container\">\n\t\t\t\t\t<div class=\"elementor-button-wrapper\">\n\t\t\t<a class=\"elementor-button elementor-button-link elementor-size-sm\" href=\"https:\/\/drive.google.com\/file\/d\/1wP2x7rCc5M2lDVONNmH0t16MI8r3EgxS\/view?usp=sharing\" target=\"_blank\">\n\t\t\t\t\t\t<span class=\"elementor-button-content-wrapper\">\n\t\t\t\t\t\t<span class=\"elementor-button-text\">CARTAZ<\/span>\n\t\t<\/span>\n\t\t\t\t\t<\/a>\n\t\t<\/div>\n\t\t\t\t<\/div>\n\t\t\t\t<\/div>\n\t\t\t\t\t<\/div>\n\t\t\t\t<\/div>\n\t\t\t\t<\/div>\n\t\t\t\t\t<\/div>\n\t\t\t\t<\/div>\n\t\t<div class=\"elementor-element elementor-element-7c951c6 e-flex e-con-boxed e-con e-parent\" data-id=\"7c951c6\" data-element_type=\"container\" data-core-v316-plus=\"true\">\n\t\t\t\t\t<div class=\"e-con-inner\">\n\t\t<div class=\"elementor-element elementor-element-aafd251 e-con-full e-flex e-con e-child\" data-id=\"aafd251\" data-element_type=\"container\">\n\t\t\t\t<div class=\"elementor-element elementor-element-12e7411 elementor-widget elementor-widget-heading\" data-id=\"12e7411\" data-element_type=\"widget\" data-widget_type=\"heading.default\">\n\t\t\t\t<div class=\"elementor-widget-container\">\n\t\t\t<h4 class=\"elementor-heading-title elementor-size-default\">Mais Informa\u00e7\u00f5es: <\/h4>\t\t<\/div>\n\t\t\t\t<\/div>\n\t\t\t\t<\/div>\n\t\t<div class=\"elementor-element elementor-element-1f9d42d e-con-full e-flex e-con e-child\" data-id=\"1f9d42d\" data-element_type=\"container\">\n\t\t\t\t<div class=\"elementor-element elementor-element-71fd0bc elementor-widget elementor-widget-heading\" data-id=\"71fd0bc\" data-element_type=\"widget\" data-widget_type=\"heading.default\">\n\t\t\t\t<div class=\"elementor-widget-container\">\n\t\t\t<h2 class=\"elementor-heading-title elementor-size-default\">Edital 01\/2025<\/h2>\t\t<\/div>\n\t\t\t\t<\/div>\n\t\t\t\t<div class=\"elementor-element elementor-element-837655a elementor-align-center elementor-widget elementor-widget-button\" data-id=\"837655a\" data-element_type=\"widget\" data-widget_type=\"button.default\">\n\t\t\t\t<div class=\"elementor-widget-container\">\n\t\t\t\t\t<div class=\"elementor-button-wrapper\">\n\t\t\t<a class=\"elementor-button elementor-button-link elementor-size-sm\" href=\"https:\/\/drive.google.com\/file\/d\/1pSvLDBpPQUd_Ko-MOdRLfhoEHhXzEkAs\/view?usp=drive_link\" target=\"_blank\">\n\t\t\t\t\t\t<span class=\"elementor-button-content-wrapper\">\n\t\t\t\t\t\t<span class=\"elementor-button-text\">Clique aqui<\/span>\n\t\t<\/span>\n\t\t\t\t\t<\/a>\n\t\t<\/div>\n\t\t\t\t<\/div>\n\t\t\t\t<\/div>\n\t\t\t\t<div class=\"elementor-element elementor-element-98fa7f1 elementor-widget elementor-widget-heading\" data-id=\"98fa7f1\" data-element_type=\"widget\" data-widget_type=\"heading.default\">\n\t\t\t\t<div class=\"elementor-widget-container\">\n\t\t\t<h2 class=\"elementor-heading-title elementor-size-default\">Manual<\/h2>\t\t<\/div>\n\t\t\t\t<\/div>\n\t\t\t\t<div class=\"elementor-element elementor-element-ea02953 elementor-align-center elementor-widget elementor-widget-button\" data-id=\"ea02953\" data-element_type=\"widget\" data-widget_type=\"button.default\">\n\t\t\t\t<div class=\"elementor-widget-container\">\n\t\t\t\t\t<div class=\"elementor-button-wrapper\">\n\t\t\t<a class=\"elementor-button elementor-button-link elementor-size-sm\" href=\"https:\/\/drive.google.com\/file\/d\/1CvsBpRPd0k2xa0dqNZaIoLxyzbp1M5QN\/view?usp=drive_link\" target=\"_blank\">\n\t\t\t\t\t\t<span class=\"elementor-button-content-wrapper\">\n\t\t\t\t\t\t<span class=\"elementor-button-text\">Clique aqui<\/span>\n\t\t<\/span>\n\t\t\t\t\t<\/a>\n\t\t<\/div>\n\t\t\t\t<\/div>\n\t\t\t\t<\/div>\n\t\t\t\t<\/div>\n\t\t<div class=\"elementor-element elementor-element-325a672 e-con-full e-flex e-con e-child\" data-id=\"325a672\" data-element_type=\"container\">\n\t\t\t\t<div class=\"elementor-element elementor-element-714a91f elementor-widget elementor-widget-heading\" data-id=\"714a91f\" data-element_type=\"widget\" data-widget_type=\"heading.default\">\n\t\t\t\t<div class=\"elementor-widget-container\">\n\t\t\t<h2 class=\"elementor-heading-title elementor-size-default\">Pagamento<\/h2>\t\t<\/div>\n\t\t\t\t<\/div>\n\t\t\t\t<div class=\"elementor-element elementor-element-32590e4 elementor-align-center elementor-widget elementor-widget-button\" data-id=\"32590e4\" data-element_type=\"widget\" data-widget_type=\"button.default\">\n\t\t\t\t<div class=\"elementor-widget-container\">\n\t\t\t\t\t<div class=\"elementor-button-wrapper\">\n\t\t\t<a class=\"elementor-button elementor-button-link elementor-size-sm\" href=\"https:\/\/obssaberes.org\/store\/produto\/inscricao-roboventure-i-2024-escola-publica\/\">\n\t\t\t\t\t\t<span class=\"elementor-button-content-wrapper\">\n\t\t\t\t\t\t<span class=\"elementor-button-text\">Escola P\u00fablica<\/span>\n\t\t<\/span>\n\t\t\t\t\t<\/a>\n\t\t<\/div>\n\t\t\t\t<\/div>\n\t\t\t\t<\/div>\n\t\t\t\t<div class=\"elementor-element elementor-element-cbc04dc elementor-align-center elementor-widget elementor-widget-button\" data-id=\"cbc04dc\" data-element_type=\"widget\" data-widget_type=\"button.default\">\n\t\t\t\t<div class=\"elementor-widget-container\">\n\t\t\t\t\t<div class=\"elementor-button-wrapper\">\n\t\t\t<a class=\"elementor-button elementor-button-link elementor-size-sm\" href=\"https:\/\/obssaberes.org\/store\/produto\/inscricao-roboventure-i-2024-escola-privada\/\">\n\t\t\t\t\t\t<span class=\"elementor-button-content-wrapper\">\n\t\t\t\t\t\t<span class=\"elementor-button-text\">Escola Privada<\/span>\n\t\t<\/span>\n\t\t\t\t\t<\/a>\n\t\t<\/div>\n\t\t\t\t<\/div>\n\t\t\t\t<\/div>\n\t\t\t\t<\/div>\n\t\t<div class=\"elementor-element elementor-element-748fb0b e-con-full e-flex e-con e-child\" data-id=\"748fb0b\" data-element_type=\"container\">\n\t\t\t\t<div class=\"elementor-element elementor-element-45865e4 elementor-widget elementor-widget-heading\" data-id=\"45865e4\" data-element_type=\"widget\" data-widget_type=\"heading.default\">\n\t\t\t\t<div class=\"elementor-widget-container\">\n\t\t\t<h2 class=\"elementor-heading-title elementor-size-default\">Contato<\/h2>\t\t<\/div>\n\t\t\t\t<\/div>\n\t\t\t\t<div class=\"elementor-element elementor-element-0f0f7d7 elementor-align-center elementor-widget elementor-widget-button\" data-id=\"0f0f7d7\" data-element_type=\"widget\" data-widget_type=\"button.default\">\n\t\t\t\t<div class=\"elementor-widget-container\">\n\t\t\t\t\t<div class=\"elementor-button-wrapper\">\n\t\t\t<a class=\"elementor-button elementor-button-link elementor-size-sm\" href=\"https:\/\/wa.me\/5588999027554?text=Ol%C3%A1%20...\" target=\"_blank\">\n\t\t\t\t\t\t<span class=\"elementor-button-content-wrapper\">\n\t\t\t\t\t\t<span class=\"elementor-button-text\">Clique aqui<\/span>\n\t\t<\/span>\n\t\t\t\t\t<\/a>\n\t\t<\/div>\n\t\t\t\t<\/div>\n\t\t\t\t<\/div>\n\t\t\t\t<div class=\"elementor-element elementor-element-9181e5a elementor-widget elementor-widget-heading\" data-id=\"9181e5a\" data-element_type=\"widget\" data-widget_type=\"heading.default\">\n\t\t\t\t<div class=\"elementor-widget-container\">\n\t\t\t<h2 class=\"elementor-heading-title elementor-size-default\">Cartaz<\/h2>\t\t<\/div>\n\t\t\t\t<\/div>\n\t\t\t\t<div class=\"elementor-element elementor-element-41182fc elementor-align-center elementor-widget elementor-widget-button\" data-id=\"41182fc\" data-element_type=\"widget\" data-widget_type=\"button.default\">\n\t\t\t\t<div class=\"elementor-widget-container\">\n\t\t\t\t\t<div class=\"elementor-button-wrapper\">\n\t\t\t<a class=\"elementor-button elementor-size-sm\" role=\"button\">\n\t\t\t\t\t\t<span class=\"elementor-button-content-wrapper\">\n\t\t\t\t\t\t<span class=\"elementor-button-text\">Clique aqui<\/span>\n\t\t<\/span>\n\t\t\t\t\t<\/a>\n\t\t<\/div>\n\t\t\t\t<\/div>\n\t\t\t\t<\/div>\n\t\t\t\t<\/div>\n\t\t\t\t\t<\/div>\n\t\t\t\t<\/div>\n\t\t\t\t<\/div>\n\t\t","protected":false},"excerpt":{"rendered":"<p>Etapa S\u00e3o Luiz- MA &#8211; 20 de Outubro 2025 Clique no bot\u00e3o abaixo e preencha o Formul\u00e1rio para realizar a sua inscri\u00e7\u00e3o na Roboventure: INSCRI\u00c7\u00c3O CARTAZ Etapa Goi\u00e2nia-GO &#8211; 11<\/p>\n","protected":false},"author":3,"featured_media":0,"parent":0,"menu_order":0,"comment_status":"closed","ping_status":"closed","template":"","meta":{"footnotes":""},"_links":{"self":[{"href":"https:\/\/obssaberes.org\/store\/wp-json\/wp\/v2\/pages\/7700"}],"collection":[{"href":"https:\/\/obssaberes.org\/store\/wp-json\/wp\/v2\/pages"}],"about":[{"href":"https:\/\/obssaberes.org\/store\/wp-json\/wp\/v2\/types\/page"}],"author":[{"embeddable":true,"href":"https:\/\/obssaberes.org\/store\/wp-json\/wp\/v2\/users\/3"}],"replies":[{"embeddable":true,"href":"https:\/\/obssaberes.org\/store\/wp-json\/wp\/v2\/comments?post=7700"}],"version-history":[{"count":104,"href":"https:\/\/obssaberes.org\/store\/wp-json\/wp\/v2\/pages\/7700\/revisions"}],"predecessor-version":[{"id":8433,"href":"https:\/\/obssaberes.org\/store\/wp-json\/wp\/v2\/pages\/7700\/revisions\/8433"}],"wp:attachment":[{"href":"https:\/\/obssaberes.org\/store\/wp-json\/wp\/v2\/media?parent=7700"}],"curies":[{"name":"wp","href":"https:\/\/api.w.org\/{rel}","templated":true}]}}