{"id":7381,"date":"2024-04-09T09:38:04","date_gmt":"2024-04-09T12:38:04","guid":{"rendered":"https:\/\/obssaberes.org\/store\/?page_id=7381"},"modified":"2024-12-28T02:46:59","modified_gmt":"2024-12-28T05:46:59","slug":"elementor-7381","status":"publish","type":"page","link":"https:\/\/obssaberes.org\/store\/","title":{"rendered":"Inicio"},"content":{"rendered":"\t\t<div data-elementor-type=\"wp-page\" data-elementor-id=\"7381\" class=\"elementor elementor-7381\" data-elementor-post-type=\"page\">\n\t\t\t\t<div class=\"elementor-element elementor-element-583f7b3 e-flex e-con-boxed e-con e-parent\" data-id=\"583f7b3\" data-element_type=\"container\" data-core-v316-plus=\"true\">\n\t\t\t\t\t<div class=\"e-con-inner\">\n\t\t\t\t<div class=\"elementor-element elementor-element-fb4f5b5 elementor-widget elementor-widget-image\" data-id=\"fb4f5b5\" data-element_type=\"widget\" data-widget_type=\"image.default\">\n\t\t\t\t<div class=\"elementor-widget-container\">\n\t\t\t<style>\/*! elementor - v3.20.0 - 26-03-2024 *\/\n.elementor-widget-image{text-align:center}.elementor-widget-image a{display:inline-block}.elementor-widget-image a img[src$=\".svg\"]{width:48px}.elementor-widget-image img{vertical-align:middle;display:inline-block}<\/style>\t\t\t\t\t\t\t\t\t\t\t<a href=\"https:\/\/obssaberes.org\/\">\n\t\t\t\t\t\t\t<img fetchpriority=\"high\" decoding=\"async\" width=\"1185\" height=\"225\" src=\"https:\/\/obssaberes.org\/store\/wp-content\/uploads\/2024\/04\/banner_loja.jpg\" class=\"attachment-full size-full wp-image-7467\" alt=\"\" srcset=\"https:\/\/obssaberes.org\/store\/wp-content\/uploads\/2024\/04\/banner_loja.jpg 1185w, https:\/\/obssaberes.org\/store\/wp-content\/uploads\/2024\/04\/banner_loja-300x57.jpg 300w, https:\/\/obssaberes.org\/store\/wp-content\/uploads\/2024\/04\/banner_loja-600x114.jpg 600w, https:\/\/obssaberes.org\/store\/wp-content\/uploads\/2024\/04\/banner_loja-1024x194.jpg 1024w, https:\/\/obssaberes.org\/store\/wp-content\/uploads\/2024\/04\/banner_loja-768x146.jpg 768w\" sizes=\"(max-width: 1185px) 100vw, 1185px\" \/>\t\t\t\t\t\t\t\t<\/a>\n\t\t\t\t\t\t\t\t\t\t\t\t\t<\/div>\n\t\t\t\t<\/div>\n\t\t\t\t\t<\/div>\n\t\t\t\t<\/div>\n\t\t<div class=\"elementor-element elementor-element-cb06209 e-flex e-con-boxed e-con e-parent\" data-id=\"cb06209\" data-element_type=\"container\" data-core-v316-plus=\"true\">\n\t\t\t\t\t<div class=\"e-con-inner\">\n\t\t\t\t<div class=\"elementor-element elementor-element-0c4ecf0 elementor-widget-divider--view-line elementor-widget elementor-widget-divider\" data-id=\"0c4ecf0\" data-element_type=\"widget\" data-widget_type=\"divider.default\">\n\t\t\t\t<div class=\"elementor-widget-container\">\n\t\t\t<style>\/*! elementor - v3.20.0 - 26-03-2024 *\/\n.elementor-widget-divider{--divider-border-style:none;--divider-border-width:1px;--divider-color:#0c0d0e;--divider-icon-size:20px;--divider-element-spacing:10px;--divider-pattern-height:24px;--divider-pattern-size:20px;--divider-pattern-url:none;--divider-pattern-repeat:repeat-x}.elementor-widget-divider .elementor-divider{display:flex}.elementor-widget-divider .elementor-divider__text{font-size:15px;line-height:1;max-width:95%}.elementor-widget-divider .elementor-divider__element{margin:0 var(--divider-element-spacing);flex-shrink:0}.elementor-widget-divider .elementor-icon{font-size:var(--divider-icon-size)}.elementor-widget-divider .elementor-divider-separator{display:flex;margin:0;direction:ltr}.elementor-widget-divider--view-line_icon .elementor-divider-separator,.elementor-widget-divider--view-line_text .elementor-divider-separator{align-items:center}.elementor-widget-divider--view-line_icon .elementor-divider-separator:after,.elementor-widget-divider--view-line_icon .elementor-divider-separator:before,.elementor-widget-divider--view-line_text .elementor-divider-separator:after,.elementor-widget-divider--view-line_text .elementor-divider-separator:before{display:block;content:\"\";border-block-end:0;flex-grow:1;border-block-start:var(--divider-border-width) var(--divider-border-style) var(--divider-color)}.elementor-widget-divider--element-align-left .elementor-divider .elementor-divider-separator>.elementor-divider__svg:first-of-type{flex-grow:0;flex-shrink:100}.elementor-widget-divider--element-align-left .elementor-divider-separator:before{content:none}.elementor-widget-divider--element-align-left .elementor-divider__element{margin-left:0}.elementor-widget-divider--element-align-right .elementor-divider .elementor-divider-separator>.elementor-divider__svg:last-of-type{flex-grow:0;flex-shrink:100}.elementor-widget-divider--element-align-right .elementor-divider-separator:after{content:none}.elementor-widget-divider--element-align-right .elementor-divider__element{margin-right:0}.elementor-widget-divider--element-align-start .elementor-divider .elementor-divider-separator>.elementor-divider__svg:first-of-type{flex-grow:0;flex-shrink:100}.elementor-widget-divider--element-align-start .elementor-divider-separator:before{content:none}.elementor-widget-divider--element-align-start .elementor-divider__element{margin-inline-start:0}.elementor-widget-divider--element-align-end .elementor-divider .elementor-divider-separator>.elementor-divider__svg:last-of-type{flex-grow:0;flex-shrink:100}.elementor-widget-divider--element-align-end .elementor-divider-separator:after{content:none}.elementor-widget-divider--element-align-end .elementor-divider__element{margin-inline-end:0}.elementor-widget-divider:not(.elementor-widget-divider--view-line_text):not(.elementor-widget-divider--view-line_icon) .elementor-divider-separator{border-block-start:var(--divider-border-width) var(--divider-border-style) var(--divider-color)}.elementor-widget-divider--separator-type-pattern{--divider-border-style:none}.elementor-widget-divider--separator-type-pattern.elementor-widget-divider--view-line .elementor-divider-separator,.elementor-widget-divider--separator-type-pattern:not(.elementor-widget-divider--view-line) .elementor-divider-separator:after,.elementor-widget-divider--separator-type-pattern:not(.elementor-widget-divider--view-line) .elementor-divider-separator:before,.elementor-widget-divider--separator-type-pattern:not([class*=elementor-widget-divider--view]) .elementor-divider-separator{width:100%;min-height:var(--divider-pattern-height);-webkit-mask-size:var(--divider-pattern-size) 100%;mask-size:var(--divider-pattern-size) 100%;-webkit-mask-repeat:var(--divider-pattern-repeat);mask-repeat:var(--divider-pattern-repeat);background-color:var(--divider-color);-webkit-mask-image:var(--divider-pattern-url);mask-image:var(--divider-pattern-url)}.elementor-widget-divider--no-spacing{--divider-pattern-size:auto}.elementor-widget-divider--bg-round{--divider-pattern-repeat:round}.rtl .elementor-widget-divider .elementor-divider__text{direction:rtl}.e-con-inner>.elementor-widget-divider,.e-con>.elementor-widget-divider{width:var(--container-widget-width,100%);--flex-grow:var(--container-widget-flex-grow)}<\/style>\t\t<div class=\"elementor-divider\">\n\t\t\t<span class=\"elementor-divider-separator\">\n\t\t\t\t\t\t<\/span>\n\t\t<\/div>\n\t\t\t\t<\/div>\n\t\t\t\t<\/div>\n\t\t\t\t\t<\/div>\n\t\t\t\t<\/div>\n\t\t<div class=\"elementor-element elementor-element-a4a7ba3 e-flex e-con-boxed e-con e-parent\" data-id=\"a4a7ba3\" data-element_type=\"container\" data-core-v316-plus=\"true\">\n\t\t\t\t\t<div class=\"e-con-inner\">\n\t\t\t\t<div class=\"elementor-element elementor-element-f43f88b elementor-widget elementor-widget-heading\" data-id=\"f43f88b\" data-element_type=\"widget\" data-widget_type=\"heading.default\">\n\t\t\t\t<div class=\"elementor-widget-container\">\n\t\t\t<style>\/*! elementor - v3.20.0 - 26-03-2024 *\/\n.elementor-heading-title{padding:0;margin:0;line-height:1}.elementor-widget-heading .elementor-heading-title[class*=elementor-size-]>a{color:inherit;font-size:inherit;line-height:inherit}.elementor-widget-heading .elementor-heading-title.elementor-size-small{font-size:15px}.elementor-widget-heading .elementor-heading-title.elementor-size-medium{font-size:19px}.elementor-widget-heading .elementor-heading-title.elementor-size-large{font-size:29px}.elementor-widget-heading .elementor-heading-title.elementor-size-xl{font-size:39px}.elementor-widget-heading .elementor-heading-title.elementor-size-xxl{font-size:59px}<\/style><h3 class=\"elementor-heading-title elementor-size-default\">Nossa Loja<\/h3>\t\t<\/div>\n\t\t\t\t<\/div>\n\t\t\t\t\t<\/div>\n\t\t\t\t<\/div>\n\t\t<div class=\"elementor-element elementor-element-a40fece e-flex e-con-boxed e-con e-parent\" data-id=\"a40fece\" data-element_type=\"container\" data-core-v316-plus=\"true\">\n\t\t\t\t\t<div class=\"e-con-inner\">\n\t\t\t\t<div class=\"elementor-element elementor-element-9a3e35e elementor-grid-3 elementor-grid-tablet-3 elementor-grid-mobile-2 elementor-products-grid elementor-wc-products elementor-show-pagination-border-yes elementor-widget elementor-widget-woocommerce-products\" data-id=\"9a3e35e\" data-element_type=\"widget\" data-widget_type=\"woocommerce-products.default\">\n\t\t\t\t<div class=\"elementor-widget-container\">\n\t\t\t<link rel=\"stylesheet\" href=\"https:\/\/obssaberes.org\/store\/wp-content\/plugins\/pro-elements\/assets\/css\/widget-woocommerce.min.css\"><div class=\"woocommerce columns-3 \"><div class=\"woocommerce-notices-wrapper\"><\/div>\t<div class=\"os-result-count-and-catalog-ordering\">\n\t\t<p class=\"woocommerce-result-count\">\n\tExibindo todos 7 resultados<\/p>\n<form class=\"woocommerce-ordering\" method=\"get\">\n\t<select name=\"orderby\" class=\"orderby\" aria-label=\"Pedido da loja\">\n\t\t\t\t\t<option value=\"menu_order\"  selected='selected'>Ordena\u00e7\u00e3o padr\u00e3o<\/option>\n\t\t\t\t\t<option value=\"popularity\" >Ordenar por popularidade<\/option>\n\t\t\t\t\t<option value=\"rating\" >Ordenar por m\u00e9dia de classifica\u00e7\u00e3o<\/option>\n\t\t\t\t\t<option value=\"date\" >Ordenar por mais recente<\/option>\n\t\t\t\t\t<option value=\"price\" >Ordenar por pre\u00e7o: menor para maior<\/option>\n\t\t\t\t\t<option value=\"price-desc\" >Ordenar por pre\u00e7o: maior para menor<\/option>\n\t\t\t<\/select>\n\t<input type=\"hidden\" name=\"paged\" value=\"1\" \/>\n\t<\/form>\n\t<\/div>\n\t<div class=\"columns-5\"><ul class=\"products elementor-grid columns-3 os-mobile-col-1\">\n\n<li class=\"product type-product post-8 status-publish first onbackorder product_cat-medalhas product_tag-medalhas has-post-thumbnail shipping-taxable purchasable product-type-simple\">\n\t<div class=\"product-main-wrap\">\n\t\t<div class=\"product-thumb-wrap\">\n\t\t\t<a href=\"https:\/\/obssaberes.org\/store\/produto\/medalha-de-ouro\/\" class=\"woocommerce-LoopProduct-link woocommerce-loop-product__link\"><img decoding=\"async\" width=\"300\" height=\"635\" src=\"https:\/\/obssaberes.org\/store\/wp-content\/uploads\/2017\/06\/med_ouro-2023-300x635.jpg\" class=\"attachment-woocommerce_thumbnail size-woocommerce_thumbnail\" alt=\"\" srcset=\"https:\/\/obssaberes.org\/store\/wp-content\/uploads\/2017\/06\/med_ouro-2023-300x635.jpg 300w, https:\/\/obssaberes.org\/store\/wp-content\/uploads\/2017\/06\/med_ouro-2023-142x300.jpg 142w, https:\/\/obssaberes.org\/store\/wp-content\/uploads\/2017\/06\/med_ouro-2023.jpg 374w\" sizes=\"(max-width: 300px) 100vw, 300px\" \/><\/a>\t\t<\/div>\n\n\t\t<div class=\"product-info-wrap\">\n\t\t\t<a href=\"https:\/\/obssaberes.org\/store\/produto\/medalha-de-ouro\/\" class=\"woocommerce-LoopProduct-link woocommerce-loop-product__link\"><h2 class=\"woocommerce-loop-product__title\">Medalha de Ouro 2026<\/h2><\/a>\n\t<span class=\"price\"><span class=\"woocommerce-Price-amount amount\"><bdi><span class=\"woocommerce-Price-currencySymbol\">&#82;&#36;<\/span>26,99<\/bdi><\/span><\/span>\n\t\t\t\t<div class=\"custom-cart-btn\">\n\t\t\t\t\t<a href=\"?add-to-cart=8\" data-quantity=\"1\" class=\"button product_type_simple add_to_cart_button ajax_add_to_cart\" data-product_id=\"8\" data-product_sku=\"\" aria-label=\"Add to cart: &ldquo;Medalha de Ouro 2026&rdquo;\" aria-describedby=\"\" rel=\"nofollow\">Adquira J\u00e1<\/a>\t\t\t\t<\/div>\n\t\t\t\t\t\t<\/div>\n\t<\/div><!-- .bg-white product-main-wrap -->\n<\/li>\n<li class=\"product type-product post-17 status-publish onbackorder product_cat-medalhas product_tag-medalhas has-post-thumbnail shipping-taxable purchasable product-type-simple\">\n\t<div class=\"product-main-wrap\">\n\t\t<div class=\"product-thumb-wrap\">\n\t\t\t<a href=\"https:\/\/obssaberes.org\/store\/produto\/medalha-de-prata\/\" class=\"woocommerce-LoopProduct-link woocommerce-loop-product__link\"><img decoding=\"async\" width=\"300\" height=\"635\" src=\"https:\/\/obssaberes.org\/store\/wp-content\/uploads\/2017\/06\/med_prata-2023-300x635.jpg\" class=\"attachment-woocommerce_thumbnail size-woocommerce_thumbnail\" alt=\"\" srcset=\"https:\/\/obssaberes.org\/store\/wp-content\/uploads\/2017\/06\/med_prata-2023-300x635.jpg 300w, https:\/\/obssaberes.org\/store\/wp-content\/uploads\/2017\/06\/med_prata-2023-142x300.jpg 142w, https:\/\/obssaberes.org\/store\/wp-content\/uploads\/2017\/06\/med_prata-2023.jpg 374w\" sizes=\"(max-width: 300px) 100vw, 300px\" \/><\/a>\t\t<\/div>\n\n\t\t<div class=\"product-info-wrap\">\n\t\t\t<a href=\"https:\/\/obssaberes.org\/store\/produto\/medalha-de-prata\/\" class=\"woocommerce-LoopProduct-link woocommerce-loop-product__link\"><h2 class=\"woocommerce-loop-product__title\">Medalha de Prata 2026<\/h2><\/a>\n\t<span class=\"price\"><span class=\"woocommerce-Price-amount amount\"><bdi><span class=\"woocommerce-Price-currencySymbol\">&#82;&#36;<\/span>26,99<\/bdi><\/span><\/span>\n\t\t\t\t<div class=\"custom-cart-btn\">\n\t\t\t\t\t<a href=\"?add-to-cart=17\" data-quantity=\"1\" class=\"button product_type_simple add_to_cart_button ajax_add_to_cart\" data-product_id=\"17\" data-product_sku=\"\" aria-label=\"Add to cart: &ldquo;Medalha de Prata 2026&rdquo;\" aria-describedby=\"\" rel=\"nofollow\">Adquira J\u00e1<\/a>\t\t\t\t<\/div>\n\t\t\t\t\t\t<\/div>\n\t<\/div><!-- .bg-white product-main-wrap -->\n<\/li>\n<li class=\"product type-product post-18 status-publish last onbackorder product_cat-medalhas product_tag-medalhas has-post-thumbnail shipping-taxable purchasable product-type-simple\">\n\t<div class=\"product-main-wrap\">\n\t\t<div class=\"product-thumb-wrap\">\n\t\t\t<a href=\"https:\/\/obssaberes.org\/store\/produto\/medalha-de-bronze\/\" class=\"woocommerce-LoopProduct-link woocommerce-loop-product__link\"><img loading=\"lazy\" decoding=\"async\" width=\"300\" height=\"635\" src=\"https:\/\/obssaberes.org\/store\/wp-content\/uploads\/2017\/06\/med_bronze-2023-300x635.jpg\" class=\"attachment-woocommerce_thumbnail size-woocommerce_thumbnail\" alt=\"\" srcset=\"https:\/\/obssaberes.org\/store\/wp-content\/uploads\/2017\/06\/med_bronze-2023-300x635.jpg 300w, https:\/\/obssaberes.org\/store\/wp-content\/uploads\/2017\/06\/med_bronze-2023-142x300.jpg 142w, https:\/\/obssaberes.org\/store\/wp-content\/uploads\/2017\/06\/med_bronze-2023.jpg 374w\" sizes=\"(max-width: 300px) 100vw, 300px\" \/><\/a>\t\t<\/div>\n\n\t\t<div class=\"product-info-wrap\">\n\t\t\t<a href=\"https:\/\/obssaberes.org\/store\/produto\/medalha-de-bronze\/\" class=\"woocommerce-LoopProduct-link woocommerce-loop-product__link\"><h2 class=\"woocommerce-loop-product__title\">Medalha de Bronze 2026<\/h2><\/a>\n\t<span class=\"price\"><span class=\"woocommerce-Price-amount amount\"><bdi><span class=\"woocommerce-Price-currencySymbol\">&#82;&#36;<\/span>26,99<\/bdi><\/span><\/span>\n\t\t\t\t<div class=\"custom-cart-btn\">\n\t\t\t\t\t<a href=\"?add-to-cart=18\" data-quantity=\"1\" class=\"button product_type_simple add_to_cart_button ajax_add_to_cart\" data-product_id=\"18\" data-product_sku=\"\" aria-label=\"Add to cart: &ldquo;Medalha de Bronze 2026&rdquo;\" aria-describedby=\"\" rel=\"nofollow\">Adquira J\u00e1<\/a>\t\t\t\t<\/div>\n\t\t\t\t\t\t<\/div>\n\t<\/div><!-- .bg-white product-main-wrap -->\n<\/li>\n<li class=\"product type-product post-90 status-publish first onbackorder product_cat-medalhas product_tag-medalhas has-post-thumbnail shipping-taxable purchasable product-type-simple\">\n\t<div class=\"product-main-wrap\">\n\t\t<div class=\"product-thumb-wrap\">\n\t\t\t<a href=\"https:\/\/obssaberes.org\/store\/produto\/medalha-de-honra\/\" class=\"woocommerce-LoopProduct-link woocommerce-loop-product__link\"><img loading=\"lazy\" decoding=\"async\" width=\"300\" height=\"635\" src=\"https:\/\/obssaberes.org\/store\/wp-content\/uploads\/2018\/05\/med_honra-2023-300x635.jpg\" class=\"attachment-woocommerce_thumbnail size-woocommerce_thumbnail\" alt=\"\" srcset=\"https:\/\/obssaberes.org\/store\/wp-content\/uploads\/2018\/05\/med_honra-2023-300x635.jpg 300w, https:\/\/obssaberes.org\/store\/wp-content\/uploads\/2018\/05\/med_honra-2023-142x300.jpg 142w, https:\/\/obssaberes.org\/store\/wp-content\/uploads\/2018\/05\/med_honra-2023.jpg 374w\" sizes=\"(max-width: 300px) 100vw, 300px\" \/><\/a>\t\t<\/div>\n\n\t\t<div class=\"product-info-wrap\">\n\t\t\t<a href=\"https:\/\/obssaberes.org\/store\/produto\/medalha-de-honra\/\" class=\"woocommerce-LoopProduct-link woocommerce-loop-product__link\"><h2 class=\"woocommerce-loop-product__title\">Medalha de Honra 2026<\/h2><\/a>\n\t<span class=\"price\"><span class=\"woocommerce-Price-amount amount\"><bdi><span class=\"woocommerce-Price-currencySymbol\">&#82;&#36;<\/span>22,99<\/bdi><\/span><\/span>\n\t\t\t\t<div class=\"custom-cart-btn\">\n\t\t\t\t\t<a href=\"?add-to-cart=90\" data-quantity=\"1\" class=\"button product_type_simple add_to_cart_button ajax_add_to_cart\" data-product_id=\"90\" data-product_sku=\"\" aria-label=\"Add to cart: &ldquo;Medalha de Honra 2026&rdquo;\" aria-describedby=\"\" rel=\"nofollow\">Adquira J\u00e1<\/a>\t\t\t\t<\/div>\n\t\t\t\t\t\t<\/div>\n\t<\/div><!-- .bg-white product-main-wrap -->\n<\/li>\n<li class=\"product type-product post-6264 status-publish onbackorder product_cat-diversos has-post-thumbnail shipping-taxable purchasable product-type-simple\">\n\t<div class=\"product-main-wrap\">\n\t\t<div class=\"product-thumb-wrap\">\n\t\t\t<a href=\"https:\/\/obssaberes.org\/store\/produto\/bottom-obs\/\" class=\"woocommerce-LoopProduct-link woocommerce-loop-product__link\"><img loading=\"lazy\" decoding=\"async\" width=\"300\" height=\"225\" src=\"https:\/\/obssaberes.org\/store\/wp-content\/uploads\/2021\/06\/botom-300x225.jpeg\" class=\"attachment-woocommerce_thumbnail size-woocommerce_thumbnail\" alt=\"\" srcset=\"https:\/\/obssaberes.org\/store\/wp-content\/uploads\/2021\/06\/botom-300x225.jpeg 300w, https:\/\/obssaberes.org\/store\/wp-content\/uploads\/2021\/06\/botom.jpeg 374w\" sizes=\"(max-width: 300px) 100vw, 300px\" \/><\/a>\t\t<\/div>\n\n\t\t<div class=\"product-info-wrap\">\n\t\t\t<a href=\"https:\/\/obssaberes.org\/store\/produto\/bottom-obs\/\" class=\"woocommerce-LoopProduct-link woocommerce-loop-product__link\"><h2 class=\"woocommerce-loop-product__title\">Bottom OBS<\/h2><\/a>\n\t<span class=\"price\"><span class=\"woocommerce-Price-amount amount\"><bdi><span class=\"woocommerce-Price-currencySymbol\">&#82;&#36;<\/span>12,99<\/bdi><\/span><\/span>\n\t\t\t\t<div class=\"custom-cart-btn\">\n\t\t\t\t\t<a href=\"?add-to-cart=6264\" data-quantity=\"1\" class=\"button product_type_simple add_to_cart_button ajax_add_to_cart\" data-product_id=\"6264\" data-product_sku=\"\" aria-label=\"Add to cart: &ldquo;Bottom OBS&rdquo;\" aria-describedby=\"\" rel=\"nofollow\">Adquira J\u00e1<\/a>\t\t\t\t<\/div>\n\t\t\t\t\t\t<\/div>\n\t<\/div><!-- .bg-white product-main-wrap -->\n<\/li>\n<li class=\"product type-product post-7514 status-publish last instock product_cat-diversos has-post-thumbnail taxable shipping-taxable purchasable product-type-simple\">\n\t<div class=\"product-main-wrap\">\n\t\t<div class=\"product-thumb-wrap\">\n\t\t\t<a href=\"https:\/\/obssaberes.org\/store\/produto\/agenda-obs-2025\/\" class=\"woocommerce-LoopProduct-link woocommerce-loop-product__link\"><img loading=\"lazy\" decoding=\"async\" width=\"300\" height=\"238\" src=\"https:\/\/obssaberes.org\/store\/wp-content\/uploads\/2024\/05\/WhatsApp-Image-2024-05-15-at-15.31.34-300x238.jpeg\" class=\"attachment-woocommerce_thumbnail size-woocommerce_thumbnail\" alt=\"\" srcset=\"https:\/\/obssaberes.org\/store\/wp-content\/uploads\/2024\/05\/WhatsApp-Image-2024-05-15-at-15.31.34-300x238.jpeg 300w, https:\/\/obssaberes.org\/store\/wp-content\/uploads\/2024\/05\/WhatsApp-Image-2024-05-15-at-15.31.34-600x476.jpeg 600w, https:\/\/obssaberes.org\/store\/wp-content\/uploads\/2024\/05\/WhatsApp-Image-2024-05-15-at-15.31.34-1024x812.jpeg 1024w, https:\/\/obssaberes.org\/store\/wp-content\/uploads\/2024\/05\/WhatsApp-Image-2024-05-15-at-15.31.34-768x609.jpeg 768w, https:\/\/obssaberes.org\/store\/wp-content\/uploads\/2024\/05\/WhatsApp-Image-2024-05-15-at-15.31.34.jpeg 1221w\" sizes=\"(max-width: 300px) 100vw, 300px\" \/><\/a>\t\t<\/div>\n\n\t\t<div class=\"product-info-wrap\">\n\t\t\t<a href=\"https:\/\/obssaberes.org\/store\/produto\/agenda-obs-2025\/\" class=\"woocommerce-LoopProduct-link woocommerce-loop-product__link\"><h2 class=\"woocommerce-loop-product__title\">Agenda OBS 2026<\/h2><\/a>\n\t<span class=\"price\"><span class=\"woocommerce-Price-amount amount\"><bdi><span class=\"woocommerce-Price-currencySymbol\">&#82;&#36;<\/span>64,99<\/bdi><\/span><\/span>\n\t\t\t\t<div class=\"custom-cart-btn\">\n\t\t\t\t\t<a href=\"?add-to-cart=7514\" data-quantity=\"1\" class=\"button product_type_simple add_to_cart_button ajax_add_to_cart\" data-product_id=\"7514\" data-product_sku=\"\" aria-label=\"Add to cart: &ldquo;Agenda OBS 2026&rdquo;\" aria-describedby=\"\" rel=\"nofollow\">Adquira J\u00e1<\/a>\t\t\t\t<\/div>\n\t\t\t\t\t\t<\/div>\n\t<\/div><!-- .bg-white product-main-wrap -->\n<\/li>\n<li class=\"product type-product post-7560 status-publish first onbackorder product_cat-diversos has-post-thumbnail shipping-taxable purchasable product-type-simple\">\n\t<div class=\"product-main-wrap\">\n\t\t<div class=\"product-thumb-wrap\">\n\t\t\t<a href=\"https:\/\/obssaberes.org\/store\/produto\/bottom-raposa-obs\/\" class=\"woocommerce-LoopProduct-link woocommerce-loop-product__link\"><img loading=\"lazy\" decoding=\"async\" width=\"300\" height=\"331\" src=\"https:\/\/obssaberes.org\/store\/wp-content\/uploads\/2024\/05\/WhatsApp-Image-2024-05-28-at-10.00.06-300x331.jpeg\" class=\"attachment-woocommerce_thumbnail size-woocommerce_thumbnail\" alt=\"\" srcset=\"https:\/\/obssaberes.org\/store\/wp-content\/uploads\/2024\/05\/WhatsApp-Image-2024-05-28-at-10.00.06-300x331.jpeg 300w, https:\/\/obssaberes.org\/store\/wp-content\/uploads\/2024\/05\/WhatsApp-Image-2024-05-28-at-10.00.06-272x300.jpeg 272w, https:\/\/obssaberes.org\/store\/wp-content\/uploads\/2024\/05\/WhatsApp-Image-2024-05-28-at-10.00.06.jpeg 463w\" sizes=\"(max-width: 300px) 100vw, 300px\" \/><\/a>\t\t<\/div>\n\n\t\t<div class=\"product-info-wrap\">\n\t\t\t<a href=\"https:\/\/obssaberes.org\/store\/produto\/bottom-raposa-obs\/\" class=\"woocommerce-LoopProduct-link woocommerce-loop-product__link\"><h2 class=\"woocommerce-loop-product__title\">Bottom Raposa OBS<\/h2><\/a>\n\t<span class=\"price\"><span class=\"woocommerce-Price-amount amount\"><bdi><span class=\"woocommerce-Price-currencySymbol\">&#82;&#36;<\/span>14,99<\/bdi><\/span><\/span>\n\t\t\t\t<div class=\"custom-cart-btn\">\n\t\t\t\t\t<a href=\"?add-to-cart=7560\" data-quantity=\"1\" class=\"button product_type_simple add_to_cart_button ajax_add_to_cart\" data-product_id=\"7560\" data-product_sku=\"\" aria-label=\"Add to cart: &ldquo;Bottom Raposa OBS&rdquo;\" aria-describedby=\"\" rel=\"nofollow\">Adquira J\u00e1<\/a>\t\t\t\t<\/div>\n\t\t\t\t\t\t<\/div>\n\t<\/div><!-- .bg-white product-main-wrap -->\n<\/li>\n<\/ul>\n<\/div><\/div>\t\t<\/div>\n\t\t\t\t<\/div>\n\t\t\t\t\t<\/div>\n\t\t\t\t<\/div>\n\t\t\t\t<\/div>\n\t\t","protected":false},"excerpt":{"rendered":"<p>Nossa Loja<\/p>\n","protected":false},"author":3,"featured_media":0,"parent":0,"menu_order":0,"comment_status":"closed","ping_status":"closed","template":"","meta":{"footnotes":""},"_links":{"self":[{"href":"https:\/\/obssaberes.org\/store\/wp-json\/wp\/v2\/pages\/7381"}],"collection":[{"href":"https:\/\/obssaberes.org\/store\/wp-json\/wp\/v2\/pages"}],"about":[{"href":"https:\/\/obssaberes.org\/store\/wp-json\/wp\/v2\/types\/page"}],"author":[{"embeddable":true,"href":"https:\/\/obssaberes.org\/store\/wp-json\/wp\/v2\/users\/3"}],"replies":[{"embeddable":true,"href":"https:\/\/obssaberes.org\/store\/wp-json\/wp\/v2\/comments?post=7381"}],"version-history":[{"count":50,"href":"https:\/\/obssaberes.org\/store\/wp-json\/wp\/v2\/pages\/7381\/revisions"}],"predecessor-version":[{"id":7815,"href":"https:\/\/obssaberes.org\/store\/wp-json\/wp\/v2\/pages\/7381\/revisions\/7815"}],"wp:attachment":[{"href":"https:\/\/obssaberes.org\/store\/wp-json\/wp\/v2\/media?parent=7381"}],"curies":[{"name":"wp","href":"https:\/\/api.w.org\/{rel}","templated":true}]}}